


{"id":625,"date":"2023-04-21T17:01:47","date_gmt":"2023-04-21T15:01:47","guid":{"rendered":"https:\/\/orcaproduction.ch\/store\/?post_type=product&#038;p=625"},"modified":"2025-06-09T21:47:20","modified_gmt":"2025-06-09T19:47:20","slug":"dvd-osprey","status":"publish","type":"product","link":"https:\/\/orcaproduction.ch\/store\/produit\/dvd-osprey\/","title":{"rendered":"DVD &#8211; Le retour du Balbuzard"},"content":{"rendered":"<div class=\"wpb-content-wrapper\"><p>[vc_row][vc_column][vc_wp_text]Le Balbuzard-p\u00eacheur est un rapace migrateur qui vit aujourd\u2019hui dans les r\u00e9gions du Nord de l\u2019Europe. Wendy et Denis, passionn\u00e9 d\u2019ornithologie, se lancent dans une aventure extraordinaire : r\u00e9introduire le Balbuzard en Suisse un si\u00e8cle apr\u00e8s l\u2019extinction de l\u2019esp\u00e8ce dans notre pays.[\/vc_wp_text][\/vc_column][\/vc_row]<\/p>\n<\/div>","protected":false},"excerpt":{"rendered":"<p><strong>LE RETOUR DU BALBUZARD<\/strong><\/p>\n<p><strong>Dur\u00e9e:<\/strong> 52\u2032<br \/>\n<strong>Version:<\/strong> Fran\u00e7ais, Anglais<br \/>\n<strong>Sous-titre:<\/strong> Fran\u00e7ais, Anglais, Espagnol<br \/>\n<strong>Livraison:<\/strong>\u00a02023<\/p>\n<p>&nbsp;<\/p>\n","protected":false},"featured_media":781,"template":"","meta":[],"product_brand":[],"product_cat":[52,16],"product_tag":[],"class_list":{"0":"post-625","1":"product","2":"type-product","3":"status-publish","4":"has-post-thumbnail","6":"product_cat-dvd","7":"product_cat-film","9":"first","10":"instock","11":"sale","12":"taxable","13":"shipping-taxable","14":"purchasable","15":"product-type-variable"},"_links":{"self":[{"href":"https:\/\/orcaproduction.ch\/store\/wp-json\/wp\/v2\/product\/625","targetHints":{"allow":["GET"]}}],"collection":[{"href":"https:\/\/orcaproduction.ch\/store\/wp-json\/wp\/v2\/product"}],"about":[{"href":"https:\/\/orcaproduction.ch\/store\/wp-json\/wp\/v2\/types\/product"}],"wp:featuredmedia":[{"embeddable":true,"href":"https:\/\/orcaproduction.ch\/store\/wp-json\/wp\/v2\/media\/781"}],"wp:attachment":[{"href":"https:\/\/orcaproduction.ch\/store\/wp-json\/wp\/v2\/media?parent=625"}],"wp:term":[{"taxonomy":"product_brand","embeddable":true,"href":"https:\/\/orcaproduction.ch\/store\/wp-json\/wp\/v2\/product_brand?post=625"},{"taxonomy":"product_cat","embeddable":true,"href":"https:\/\/orcaproduction.ch\/store\/wp-json\/wp\/v2\/product_cat?post=625"},{"taxonomy":"product_tag","embeddable":true,"href":"https:\/\/orcaproduction.ch\/store\/wp-json\/wp\/v2\/product_tag?post=625"}],"curies":[{"name":"wp","href":"https:\/\/api.w.org\/{rel}","templated":true}]}}