


{"id":572,"date":"2022-12-15T12:08:35","date_gmt":"2022-12-15T11:08:35","guid":{"rendered":"https:\/\/orcaproduction.ch\/store\/?post_type=product&#038;p=572"},"modified":"2024-01-10T17:06:53","modified_gmt":"2024-01-10T16:06:53","slug":"blu-ray","status":"publish","type":"product","link":"https:\/\/orcaproduction.ch\/store\/produit\/blu-ray\/","title":{"rendered":"Blu-ray"},"content":{"rendered":"<p>Depuis le d\u00e9but du 20e si\u00e8cle, pr\u00e8s de deux tiers des zones humides ont disparus. Consid\u00e9r\u00e9es comme inutiles, elles ont \u00e9t\u00e9 drain\u00e9es et ass\u00e9ch\u00e9es pour favoriser le d\u00e9veloppement de l\u2019agriculture, l\u2019industrie et l\u2019urbanisation.<\/p>\n<p>Pour tenter d\u2019enrayer cette destruction, <b>Luc Hoffmann<\/b> a men\u00e9 des \u00e9tudes et conduit des actions de protections dans diff\u00e9rents lieux embl\u00e9matiques du bassin m\u00e9diterran\u00e9en et d\u2019Afrique de l\u2019Ouest.<\/p>\n<p>Pr\u00e9curseur du d\u00e9veloppement durable, la vision de Luc Hoffmann \u00e9tait d\u2019appr\u00e9hender la biodiversit\u00e9 comme une dynamique globale, incluant et interagissant avec les activit\u00e9s humaines.<\/p>\n<p>C\u2019est ainsi qu\u2019il a \u00e9t\u00e9 \u00e0 l\u2019origine de la cr\u00e9ation et du d\u00e9veloppement du <b>WWF<\/b>, la c\u00e9l\u00e8bre ONG \u00e0 l\u2019embl\u00e8me du panda, et la convention de Ramsar, unique trait\u00e9 sign\u00e9 par 170 pays qui s\u2019engagent en faveur de la protection des zones humides de la plan\u00e8te.<\/p>\n<p>Ce film nous emm\u00e8ne sur le chemin de Luc Hoffmann, humaniste et visionnaire, qui a choisi de mener ce combat en toute discr\u00e9tion sans jamais chercher les honneurs ni les r\u00e9compenses. Il fait la lumi\u00e8re sur son oeuvre immense et permet de comprendre l\u2019importance capitale des <b>zones humides<\/b>, qui sont une r\u00e9ponse \u00e9vidente aux enjeux climatiques de demain.<\/p>\n","protected":false},"excerpt":{"rendered":"<p><strong>WETLANDS, L&rsquo;H\u00c9RITAGE DE LUC HOFFMANN<\/strong><\/p>\n<p><strong>Dur\u00e9e:<\/strong> 90&prime;<br \/>\n<strong>Version:<\/strong> fran\u00e7ais, allemand ou anglais<br \/>\n<strong>Sous-titre:<\/strong> fran\u00e7ais, anglais, allemand et espagnol<\/p>\n","protected":false},"featured_media":11,"template":"","meta":[],"product_brand":[],"product_cat":[17,16],"product_tag":[],"class_list":{"0":"post-572","1":"product","2":"type-product","3":"status-publish","4":"has-post-thumbnail","6":"product_cat-bluray","7":"product_cat-film","9":"first","10":"instock","11":"sale","12":"taxable","13":"shipping-taxable","14":"purchasable","15":"product-type-variable"},"_links":{"self":[{"href":"https:\/\/orcaproduction.ch\/store\/wp-json\/wp\/v2\/product\/572","targetHints":{"allow":["GET"]}}],"collection":[{"href":"https:\/\/orcaproduction.ch\/store\/wp-json\/wp\/v2\/product"}],"about":[{"href":"https:\/\/orcaproduction.ch\/store\/wp-json\/wp\/v2\/types\/product"}],"wp:featuredmedia":[{"embeddable":true,"href":"https:\/\/orcaproduction.ch\/store\/wp-json\/wp\/v2\/media\/11"}],"wp:attachment":[{"href":"https:\/\/orcaproduction.ch\/store\/wp-json\/wp\/v2\/media?parent=572"}],"wp:term":[{"taxonomy":"product_brand","embeddable":true,"href":"https:\/\/orcaproduction.ch\/store\/wp-json\/wp\/v2\/product_brand?post=572"},{"taxonomy":"product_cat","embeddable":true,"href":"https:\/\/orcaproduction.ch\/store\/wp-json\/wp\/v2\/product_cat?post=572"},{"taxonomy":"product_tag","embeddable":true,"href":"https:\/\/orcaproduction.ch\/store\/wp-json\/wp\/v2\/product_tag?post=572"}],"curies":[{"name":"wp","href":"https:\/\/api.w.org\/{rel}","templated":true}]}}