


{"id":515,"date":"2022-09-27T09:47:00","date_gmt":"2022-09-27T07:47:00","guid":{"rendered":"https:\/\/orcaproduction.ch\/store\/?post_type=product&#038;p=515"},"modified":"2022-09-27T09:48:19","modified_gmt":"2022-09-27T07:48:19","slug":"osprey-back","status":"publish","type":"product","link":"https:\/\/orcaproduction.ch\/store\/produit\/osprey-back\/","title":{"rendered":"Soutien pour \u00ab\u00a0Le retour du Balbuzard\u00a0\u00bb"},"content":{"rendered":"<p><strong>Merci infiniment de votre futur soutien \u00e0 ce projet.<\/strong><br \/>\n<strong>C&rsquo;est gr\u00e2ce \u00e0 vous et \u00e0 la communaut\u00e9 que nous pourrons sortir ce film.<\/strong><\/p>\n","protected":false},"excerpt":{"rendered":"<p>Merci infiniment de votre futur soutien \u00e0 ce projet. C&rsquo;est gr\u00e2ce \u00e0 vous et \u00e0 la communaut\u00e9 que&#8230;<\/p>\n","protected":false},"featured_media":517,"template":"","meta":[],"product_brand":[],"product_cat":[44],"product_tag":[],"class_list":{"0":"post-515","1":"product","2":"type-product","3":"status-publish","4":"has-post-thumbnail","6":"product_cat-crowdfunding","8":"first","9":"instock","10":"virtual","11":"sold-individually","12":"purchasable","13":"product-type-donation"},"_links":{"self":[{"href":"https:\/\/orcaproduction.ch\/store\/wp-json\/wp\/v2\/product\/515","targetHints":{"allow":["GET"]}}],"collection":[{"href":"https:\/\/orcaproduction.ch\/store\/wp-json\/wp\/v2\/product"}],"about":[{"href":"https:\/\/orcaproduction.ch\/store\/wp-json\/wp\/v2\/types\/product"}],"wp:featuredmedia":[{"embeddable":true,"href":"https:\/\/orcaproduction.ch\/store\/wp-json\/wp\/v2\/media\/517"}],"wp:attachment":[{"href":"https:\/\/orcaproduction.ch\/store\/wp-json\/wp\/v2\/media?parent=515"}],"wp:term":[{"taxonomy":"product_brand","embeddable":true,"href":"https:\/\/orcaproduction.ch\/store\/wp-json\/wp\/v2\/product_brand?post=515"},{"taxonomy":"product_cat","embeddable":true,"href":"https:\/\/orcaproduction.ch\/store\/wp-json\/wp\/v2\/product_cat?post=515"},{"taxonomy":"product_tag","embeddable":true,"href":"https:\/\/orcaproduction.ch\/store\/wp-json\/wp\/v2\/product_tag?post=515"}],"curies":[{"name":"wp","href":"https:\/\/api.w.org\/{rel}","templated":true}]}}