


{"id":1015,"date":"2025-07-01T15:25:20","date_gmt":"2025-07-01T13:25:20","guid":{"rendered":"https:\/\/orcaproduction.ch\/store\/?post_type=product&#038;p=1015"},"modified":"2026-02-12T14:40:12","modified_gmt":"2026-02-12T13:40:12","slug":"25-randonnees-dans-les-alpes-sur-les-traces-de-yves-auberson","status":"publish","type":"product","link":"https:\/\/orcaproduction.ch\/store\/produit\/25-randonnees-dans-les-alpes-sur-les-traces-de-yves-auberson\/","title":{"rendered":"25 Randonn\u00e9es dans les Alpes: sur les traces de Yves Auberson"},"content":{"rendered":"<p>Ce livre de randonn\u00e9es n\u2019est pas un guide traditionnel. Il est \u00e0 la fois un outil pratique et un hommage \u00e0 l\u2019extraordinaire d\u00e9fi relev\u00e9 par Yves Auberson : traverser les Alpes sur 1000 km avec son compagnon de route, M. Parkinson.<\/p>\n<p>\u00c0 travers un r\u00e9cit \u00e9mouvant et inspirant, son meilleur ami revient sur cette aventure hors du commun et nous plonge dans les \u00e9motions intenses v\u00e9cues par Yves. Cet ouvrage unique vous propose de revivre cette \u00e9pop\u00e9e en 25 \u00e9tapes cl\u00e9s, chacune marquant un moment fort de ce voyage inoubliable.<\/p>\n<p>Cette \u00e9dition fait suite au film \u00ab Ma vie est un d\u00e9fi \u00bb et vous invite \u00e0 d\u00e9couvrir les plus beaux paysages de Suisse \u00e0 travers des descriptions immersives et des anecdotes poignantes. Plus qu\u2019un simple livre, il est interactif : acc\u00e9dez \u00e0 des cartes d\u00e9taill\u00e9es sur Swisstopo, visionnez des vid\u00e9os exclusives d\u2019Yves et des extraits du film.<\/p>\n<p>Bon voyage et belle d\u00e9couverte !<\/p>\n","protected":false},"excerpt":{"rendered":"<p>Ce livre de randonn\u00e9es n\u2019est pas un guide traditionnel. Il est \u00e0 la fois un outil pratique et un hommage \u00e0 l\u2019extraordinaire d\u00e9fi relev\u00e9 par Yves Auberson : traverser les Alpes sur 1000 km avec son compagnon de route, M. Parkinson.<\/p>\n","protected":false},"featured_media":1022,"template":"","meta":[],"product_brand":[],"product_cat":[56,57],"product_tag":[],"class_list":{"0":"post-1015","1":"product","2":"type-product","3":"status-publish","4":"has-post-thumbnail","6":"product_cat-autres","7":"product_cat-livre","9":"first","10":"instock","11":"sale","12":"taxable","13":"shipping-taxable","14":"purchasable","15":"product-type-variable"},"_links":{"self":[{"href":"https:\/\/orcaproduction.ch\/store\/wp-json\/wp\/v2\/product\/1015","targetHints":{"allow":["GET"]}}],"collection":[{"href":"https:\/\/orcaproduction.ch\/store\/wp-json\/wp\/v2\/product"}],"about":[{"href":"https:\/\/orcaproduction.ch\/store\/wp-json\/wp\/v2\/types\/product"}],"wp:featuredmedia":[{"embeddable":true,"href":"https:\/\/orcaproduction.ch\/store\/wp-json\/wp\/v2\/media\/1022"}],"wp:attachment":[{"href":"https:\/\/orcaproduction.ch\/store\/wp-json\/wp\/v2\/media?parent=1015"}],"wp:term":[{"taxonomy":"product_brand","embeddable":true,"href":"https:\/\/orcaproduction.ch\/store\/wp-json\/wp\/v2\/product_brand?post=1015"},{"taxonomy":"product_cat","embeddable":true,"href":"https:\/\/orcaproduction.ch\/store\/wp-json\/wp\/v2\/product_cat?post=1015"},{"taxonomy":"product_tag","embeddable":true,"href":"https:\/\/orcaproduction.ch\/store\/wp-json\/wp\/v2\/product_tag?post=1015"}],"curies":[{"name":"wp","href":"https:\/\/api.w.org\/{rel}","templated":true}]}}