


{"id":533,"date":"2022-10-21T06:15:11","date_gmt":"2022-10-21T04:15:11","guid":{"rendered":"https:\/\/orcaproduction.ch\/store\/?post_type=product&#038;p=533"},"modified":"2025-07-21T05:08:19","modified_gmt":"2025-07-21T03:08:19","slug":"dvd-ma-vie-est-un-defi","status":"publish","type":"product","link":"https:\/\/orcaproduction.ch\/store\/en\/produit\/dvd-ma-vie-est-un-defi\/","title":{"rendered":"DVD &#8211; Ma vie est un d\u00e9fi"},"content":{"rendered":"<div class=\"wpb-content-wrapper\"><p>[vc_row][vc_column][vc_wp_text]Ex-golfeur professionnel, Yves Auberson est atteint de la maladie de Parkinson depuis l\u2019\u00e2ge de 35 ans.<\/p>\n<p>Souvent consid\u00e9r\u00e9e comme la maladie du vieillissement, elle touche aujourd\u2019hui toujours plus de jeunes patients. Pourtant, Yves n\u2019a aucun ant\u00e9c\u00e9dent familial et rien ne laissait pr\u00e9sager qu\u2019un tel diagnostic allait \u00eatre pos\u00e9.<\/p>\n<p>Alors qu\u2019il est fortement handicap\u00e9 par la dyskin\u00e9sie, Yves s\u2019est\u00a0lanc\u00e9 le d\u00e9fi de faire le tour des Alpes suisses en parcourant\u00a0plus de 1000 km \u00e0 pied afin de d\u00e9montrer que le Parkinson ne le condamne pas \u00e0 l\u2019inactivit\u00e9.<\/p>\n<p>A travers un t\u00e9moignage poignant et unique, ce film part \u00e0 l\u2019aventure avec Yves pour nous faire d\u00e9couvrir son histoire et ses 15 ans de combat contre les sympt\u00f4mes du Parkinson qui ont compl\u00e8tement chang\u00e9s sa vie.[\/vc_wp_text][\/vc_column][\/vc_row]<\/p>\n<\/div>","protected":false},"excerpt":{"rendered":"<p><strong>MA VIE EST UN D\u00c9FI<\/strong><\/p>\n<p><strong>Dur\u00e9e:<\/strong> 84\u2032<br \/>\n<strong>Version:<\/strong> Fran\u00e7ais<br \/>\n<strong>Sous-titre:<\/strong> Fran\u00e7ais, Anglais et Allemand<br \/>\n<strong>Livraison:<\/strong>\u00a02023<\/p>\n<p>&nbsp;<\/p>\n","protected":false},"featured_media":660,"template":"","meta":[],"product_brand":[],"product_cat":[52,16],"product_tag":[],"class_list":{"0":"post-533","1":"product","2":"type-product","3":"status-publish","4":"has-post-thumbnail","6":"product_cat-dvd","7":"product_cat-film","9":"first","10":"instock","11":"taxable","12":"shipping-taxable","13":"purchasable","14":"product-type-variable"},"_links":{"self":[{"href":"https:\/\/orcaproduction.ch\/store\/en\/wp-json\/wp\/v2\/product\/533","targetHints":{"allow":["GET"]}}],"collection":[{"href":"https:\/\/orcaproduction.ch\/store\/en\/wp-json\/wp\/v2\/product"}],"about":[{"href":"https:\/\/orcaproduction.ch\/store\/en\/wp-json\/wp\/v2\/types\/product"}],"wp:featuredmedia":[{"embeddable":true,"href":"https:\/\/orcaproduction.ch\/store\/en\/wp-json\/wp\/v2\/media\/660"}],"wp:attachment":[{"href":"https:\/\/orcaproduction.ch\/store\/en\/wp-json\/wp\/v2\/media?parent=533"}],"wp:term":[{"taxonomy":"product_brand","embeddable":true,"href":"https:\/\/orcaproduction.ch\/store\/en\/wp-json\/wp\/v2\/product_brand?post=533"},{"taxonomy":"product_cat","embeddable":true,"href":"https:\/\/orcaproduction.ch\/store\/en\/wp-json\/wp\/v2\/product_cat?post=533"},{"taxonomy":"product_tag","embeddable":true,"href":"https:\/\/orcaproduction.ch\/store\/en\/wp-json\/wp\/v2\/product_tag?post=533"}],"curies":[{"name":"wp","href":"https:\/\/api.w.org\/{rel}","templated":true}]}}